{"id":3,"date":"2022-03-28T02:23:03","date_gmt":"2022-03-28T00:23:03","guid":{"rendered":"https:\/\/boraoenal.com\/?page_id=3"},"modified":"2026-02-04T02:28:06","modified_gmt":"2026-02-04T01:28:06","slug":"datenschutz","status":"publish","type":"page","link":"https:\/\/boraoenal.com\/en\/datenschutz\/","title":{"rendered":"Privacy Policy"},"content":{"rendered":"<div data-elementor-type=\"wp-page\" data-elementor-id=\"3\" class=\"elementor elementor-3\" data-elementor-post-type=\"page\">\n\t\t\t\t\t\t<\/div>","protected":false},"excerpt":{"rendered":"<p>Datenschutzerkl\u00e4rung Verantwortliche Stelle f\u00fcr die Erhebung, Verarbeitung und Nutzung Ihrer personenbezogenen Daten im Sinne des Bundesdatenschutzgesetzes (BDSG) ist: Bora \u00d6nal Raiffeisenstra\u00dfe 9 75172 Birkenfeld Erbringung kostenpflichtiger Leistungen Zur Erbringung kostenpflichtiger Leistungen werden von uns zus\u00e4tzliche Daten erfragt, wie z.B. Zahlungsangaben. Widerspruch Sofern Sie der Erhebung, Verarbeitung oder Nutzung Ihrer Daten durch Bora \u00d6nal gem\u00e4\u00df den [&hellip;]<\/p>\n","protected":false},"author":4,"featured_media":0,"parent":0,"menu_order":0,"comment_status":"closed","ping_status":"closed","template":"","meta":{"footnotes":""},"class_list":["post-3","page","type-page","status-publish","hentry"],"yoast_head":"<!-- This site is optimized with the Yoast SEO plugin v27.3 - https:\/\/yoast.com\/product\/yoast-seo-wordpress\/ -->\n<title>Privacy Policy | Shopify &amp; KI im E-Commerce<\/title>\n<meta name=\"robots\" content=\"noindex, follow\" \/>\n<meta property=\"og:locale\" content=\"en_US\" \/>\n<meta property=\"og:type\" content=\"article\" \/>\n<meta property=\"og:title\" content=\"Privacy Policy | Shopify &amp; KI im E-Commerce\" \/>\n<meta property=\"og:description\" content=\"Datenschutzerkl\u00e4rung Verantwortliche Stelle f\u00fcr die Erhebung, Verarbeitung und Nutzung Ihrer personenbezogenen Daten im Sinne des Bundesdatenschutzgesetzes (BDSG) ist: Bora \u00d6nal Raiffeisenstra\u00dfe 9 75172 Birkenfeld Erbringung kostenpflichtiger Leistungen Zur Erbringung kostenpflichtiger Leistungen werden von uns zus\u00e4tzliche Daten erfragt, wie z.B. Zahlungsangaben. Widerspruch Sofern Sie der Erhebung, Verarbeitung oder Nutzung Ihrer Daten durch Bora \u00d6nal gem\u00e4\u00df den [&hellip;]\" \/>\n<meta property=\"og:url\" content=\"https:\/\/boraoenal.com\/en\/datenschutz\/\" \/>\n<meta property=\"og:site_name\" content=\"Shopify &amp; KI im E-Commerce \u2013 Beratung, Entwicklung &amp; Automatisierung\" \/>\n<meta property=\"article:modified_time\" content=\"2026-02-04T01:28:06+00:00\" \/>\n<meta property=\"og:image\" content=\"https:\/\/boraoenal.com\/wp-content\/uploads\/2025\/09\/boraoenal-shopify-und-ki-commerce-scaled.png\" \/>\n\t<meta property=\"og:image:width\" content=\"2560\" \/>\n\t<meta property=\"og:image:height\" content=\"1708\" \/>\n\t<meta property=\"og:image:type\" content=\"image\/png\" \/>\n<script type=\"application\/ld+json\" class=\"yoast-schema-graph\">{\"@context\":\"https:\\\/\\\/schema.org\",\"@graph\":[{\"@type\":\"WebPage\",\"@id\":\"https:\\\/\\\/boraoenal.com\\\/datenschutz\\\/\",\"url\":\"https:\\\/\\\/boraoenal.com\\\/datenschutz\\\/\",\"name\":\"Privacy Policy | Shopify & KI im E-Commerce\",\"isPartOf\":{\"@id\":\"https:\\\/\\\/boraoenal.com\\\/#website\"},\"datePublished\":\"2022-03-28T00:23:03+00:00\",\"dateModified\":\"2026-02-04T01:28:06+00:00\",\"breadcrumb\":{\"@id\":\"https:\\\/\\\/boraoenal.com\\\/datenschutz\\\/#breadcrumb\"},\"inLanguage\":\"en-US\",\"potentialAction\":[{\"@type\":\"ReadAction\",\"target\":[\"https:\\\/\\\/boraoenal.com\\\/datenschutz\\\/\"]}]},{\"@type\":\"BreadcrumbList\",\"@id\":\"https:\\\/\\\/boraoenal.com\\\/datenschutz\\\/#breadcrumb\",\"itemListElement\":[{\"@type\":\"ListItem\",\"position\":1,\"name\":\"Startseite\",\"item\":\"https:\\\/\\\/boraoenal.com\\\/\"},{\"@type\":\"ListItem\",\"position\":2,\"name\":\"Privacy Policy\"}]},{\"@type\":\"WebSite\",\"@id\":\"https:\\\/\\\/boraoenal.com\\\/#website\",\"url\":\"https:\\\/\\\/boraoenal.com\\\/\",\"name\":\"Shopify & KI im E-Commerce \u2013 Beratung, Entwicklung & Automatisierungen\",\"description\":\"Shopify-Entwicklung &amp; KI-Automatisierung f\u00fcr mehr Umsatz und weniger Aufwand\",\"publisher\":{\"@id\":\"https:\\\/\\\/boraoenal.com\\\/#organization\"},\"alternateName\":\"Shopify & KI-Commerce | Beratung, Entwicklung & Automatisierung\",\"potentialAction\":[{\"@type\":\"SearchAction\",\"target\":{\"@type\":\"EntryPoint\",\"urlTemplate\":\"https:\\\/\\\/boraoenal.com\\\/?s={search_term_string}\"},\"query-input\":{\"@type\":\"PropertyValueSpecification\",\"valueRequired\":true,\"valueName\":\"search_term_string\"}}],\"inLanguage\":\"en-US\"},{\"@type\":\"Organization\",\"@id\":\"https:\\\/\\\/boraoenal.com\\\/#organization\",\"name\":\"WordPress-, WooCommerce- & Shopify- Developer - boraoenal.com\",\"alternateName\":\"WordPress-, WooCommerce- & Shopify- Developer - boraoenal.com\",\"url\":\"https:\\\/\\\/boraoenal.com\\\/\",\"logo\":{\"@type\":\"ImageObject\",\"inLanguage\":\"en-US\",\"@id\":\"https:\\\/\\\/boraoenal.com\\\/#\\\/schema\\\/logo\\\/image\\\/\",\"url\":\"https:\\\/\\\/boraoenal.com\\\/wp-content\\\/uploads\\\/2022\\\/03\\\/boraoenal-wordpress-shopify-developer-logo.png\",\"contentUrl\":\"https:\\\/\\\/boraoenal.com\\\/wp-content\\\/uploads\\\/2022\\\/03\\\/boraoenal-wordpress-shopify-developer-logo.png\",\"width\":270,\"height\":150,\"caption\":\"WordPress-, WooCommerce- & Shopify- Developer - boraoenal.com\"},\"image\":{\"@id\":\"https:\\\/\\\/boraoenal.com\\\/#\\\/schema\\\/logo\\\/image\\\/\"},\"sameAs\":[\"https:\\\/\\\/www.linkedin.com\\\/in\\\/bora-nal-5a596813\\\/\",\"https:\\\/\\\/www.xing.com\\\/profile\\\/Bora_Oenal\\\/cv\"]}]}<\/script>\n<!-- \/ Yoast SEO plugin. -->","yoast_head_json":{"title":"Privacy Policy | Shopify & KI im E-Commerce","robots":{"index":"noindex","follow":"follow"},"og_locale":"en_US","og_type":"article","og_title":"Privacy Policy | Shopify & KI im E-Commerce","og_description":"Datenschutzerkl\u00e4rung Verantwortliche Stelle f\u00fcr die Erhebung, Verarbeitung und Nutzung Ihrer personenbezogenen Daten im Sinne des Bundesdatenschutzgesetzes (BDSG) ist: Bora \u00d6nal Raiffeisenstra\u00dfe 9 75172 Birkenfeld Erbringung kostenpflichtiger Leistungen Zur Erbringung kostenpflichtiger Leistungen werden von uns zus\u00e4tzliche Daten erfragt, wie z.B. Zahlungsangaben. Widerspruch Sofern Sie der Erhebung, Verarbeitung oder Nutzung Ihrer Daten durch Bora \u00d6nal gem\u00e4\u00df den [&hellip;]","og_url":"https:\/\/boraoenal.com\/en\/datenschutz\/","og_site_name":"Shopify &amp; KI im E-Commerce \u2013 Beratung, Entwicklung &amp; Automatisierung","article_modified_time":"2026-02-04T01:28:06+00:00","og_image":[{"width":2560,"height":1708,"url":"https:\/\/boraoenal.com\/wp-content\/uploads\/2025\/09\/boraoenal-shopify-und-ki-commerce-scaled.png","type":"image\/png"}],"schema":{"@context":"https:\/\/schema.org","@graph":[{"@type":"WebPage","@id":"https:\/\/boraoenal.com\/datenschutz\/","url":"https:\/\/boraoenal.com\/datenschutz\/","name":"Privacy Policy | Shopify & KI im E-Commerce","isPartOf":{"@id":"https:\/\/boraoenal.com\/#website"},"datePublished":"2022-03-28T00:23:03+00:00","dateModified":"2026-02-04T01:28:06+00:00","breadcrumb":{"@id":"https:\/\/boraoenal.com\/datenschutz\/#breadcrumb"},"inLanguage":"en-US","potentialAction":[{"@type":"ReadAction","target":["https:\/\/boraoenal.com\/datenschutz\/"]}]},{"@type":"BreadcrumbList","@id":"https:\/\/boraoenal.com\/datenschutz\/#breadcrumb","itemListElement":[{"@type":"ListItem","position":1,"name":"Startseite","item":"https:\/\/boraoenal.com\/"},{"@type":"ListItem","position":2,"name":"Privacy Policy"}]},{"@type":"WebSite","@id":"https:\/\/boraoenal.com\/#website","url":"https:\/\/boraoenal.com\/","name":"Shopify & KI im E-Commerce \u2013 Beratung, Entwicklung & Automatisierungen","description":"Shopify-Entwicklung &amp; KI-Automatisierung f\u00fcr mehr Umsatz und weniger Aufwand","publisher":{"@id":"https:\/\/boraoenal.com\/#organization"},"alternateName":"Shopify & KI-Commerce | Beratung, Entwicklung & Automatisierung","potentialAction":[{"@type":"SearchAction","target":{"@type":"EntryPoint","urlTemplate":"https:\/\/boraoenal.com\/?s={search_term_string}"},"query-input":{"@type":"PropertyValueSpecification","valueRequired":true,"valueName":"search_term_string"}}],"inLanguage":"en-US"},{"@type":"Organization","@id":"https:\/\/boraoenal.com\/#organization","name":"WordPress-, WooCommerce- & Shopify- Developer - boraoenal.com","alternateName":"WordPress-, WooCommerce- & Shopify- Developer - boraoenal.com","url":"https:\/\/boraoenal.com\/","logo":{"@type":"ImageObject","inLanguage":"en-US","@id":"https:\/\/boraoenal.com\/#\/schema\/logo\/image\/","url":"https:\/\/boraoenal.com\/wp-content\/uploads\/2022\/03\/boraoenal-wordpress-shopify-developer-logo.png","contentUrl":"https:\/\/boraoenal.com\/wp-content\/uploads\/2022\/03\/boraoenal-wordpress-shopify-developer-logo.png","width":270,"height":150,"caption":"WordPress-, WooCommerce- & Shopify- Developer - boraoenal.com"},"image":{"@id":"https:\/\/boraoenal.com\/#\/schema\/logo\/image\/"},"sameAs":["https:\/\/www.linkedin.com\/in\/bora-nal-5a596813\/","https:\/\/www.xing.com\/profile\/Bora_Oenal\/cv"]}]}},"_links":{"self":[{"href":"https:\/\/boraoenal.com\/en\/wp-json\/wp\/v2\/pages\/3","targetHints":{"allow":["GET"]}}],"collection":[{"href":"https:\/\/boraoenal.com\/en\/wp-json\/wp\/v2\/pages"}],"about":[{"href":"https:\/\/boraoenal.com\/en\/wp-json\/wp\/v2\/types\/page"}],"author":[{"embeddable":true,"href":"https:\/\/boraoenal.com\/en\/wp-json\/wp\/v2\/users\/4"}],"replies":[{"embeddable":true,"href":"https:\/\/boraoenal.com\/en\/wp-json\/wp\/v2\/comments?post=3"}],"version-history":[{"count":4,"href":"https:\/\/boraoenal.com\/en\/wp-json\/wp\/v2\/pages\/3\/revisions"}],"predecessor-version":[{"id":17378,"href":"https:\/\/boraoenal.com\/en\/wp-json\/wp\/v2\/pages\/3\/revisions\/17378"}],"wp:attachment":[{"href":"https:\/\/boraoenal.com\/en\/wp-json\/wp\/v2\/media?parent=3"}],"curies":[{"name":"wp","href":"https:\/\/api.w.org\/{rel}","templated":true}]}}