{"id":4174,"date":"2022-05-31T06:32:59","date_gmt":"2022-05-31T04:32:59","guid":{"rendered":"https:\/\/boraoenal.com\/?page_id=4174"},"modified":"2026-02-04T02:23:27","modified_gmt":"2026-02-04T01:23:27","slug":"impressum","status":"publish","type":"page","link":"https:\/\/boraoenal.com\/en\/impressum\/","title":{"rendered":"Imprint"},"content":{"rendered":"<div data-elementor-type=\"wp-page\" data-elementor-id=\"4174\" class=\"elementor elementor-4174\" data-elementor-post-type=\"page\">\n\t\t\t\t\t\t<section class=\"elementor-section elementor-top-section elementor-element elementor-element-72c7dda elementor-section-height-min-height elementor-section-boxed elementor-section-height-default elementor-section-items-middle\" data-id=\"72c7dda\" data-element_type=\"section\" data-e-type=\"section\" data-settings=\"{&quot;background_background&quot;:&quot;classic&quot;}\">\n\t\t\t\t\t\t<div class=\"elementor-container elementor-column-gap-wider\">\n\t\t\t\t\t<div class=\"elementor-column elementor-col-100 elementor-top-column elementor-element elementor-element-54b3aeb\" data-id=\"54b3aeb\" data-element_type=\"column\" data-e-type=\"column\">\n\t\t\t<div class=\"elementor-widget-wrap elementor-element-populated\">\n\t\t\t\t\t\t<div class=\"elementor-element elementor-element-1854650 elementor-widget__width-auto elementor-invisible elementor-widget elementor-widget-heading\" data-id=\"1854650\" data-element_type=\"widget\" data-e-type=\"widget\" data-settings=\"{&quot;_animation&quot;:&quot;fadeInUp&quot;,&quot;_animation_delay&quot;:600}\" data-widget_type=\"heading.default\">\n\t\t\t\t<div class=\"elementor-widget-container\">\n\t\t\t\t\t<h2 class=\"elementor-heading-title elementor-size-default\">Disclaimer<\/h2>\t\t\t\t<\/div>\n\t\t\t\t<\/div>\n\t\t\t\t\t<\/div>\n\t\t<\/div>\n\t\t\t\t\t<\/div>\n\t\t<\/section>\n\t\t<div class=\"elementor-element elementor-element-ea363e0 e-flex e-con-boxed e-con e-parent\" data-id=\"ea363e0\" data-element_type=\"container\" data-e-type=\"container\">\n\t\t\t\t\t<div class=\"e-con-inner\">\n\t\t\t\t<div class=\"elementor-element elementor-element-8cb8cfb elementor-widget elementor-widget-heading\" data-id=\"8cb8cfb\" data-element_type=\"widget\" data-e-type=\"widget\" data-widget_type=\"heading.default\">\n\t\t\t\t<div class=\"elementor-widget-container\">\n\t\t\t\t\t<h2 class=\"elementor-heading-title elementor-size-default\">Information according to \u00a7 5 TMG:\n<\/h2>\t\t\t\t<\/div>\n\t\t\t\t<\/div>\n\t\t\t\t<div class=\"elementor-element elementor-element-fee760a elementor-widget elementor-widget-text-editor\" data-id=\"fee760a\" data-element_type=\"widget\" data-e-type=\"widget\" data-widget_type=\"text-editor.default\">\n\t\t\t\t<div class=\"elementor-widget-container\">\n\t\t\t\t\t\t\t\t\t<p>Bora \u00d6nal<br \/>Raiffeisenstra\u00dfe 9<br \/>75172 Birkenfeld<\/p>\t\t\t\t\t\t\t\t<\/div>\n\t\t\t\t<\/div>\n\t\t\t\t<div class=\"elementor-element elementor-element-4332b62 elementor-widget elementor-widget-heading\" data-id=\"4332b62\" data-element_type=\"widget\" data-e-type=\"widget\" data-widget_type=\"heading.default\">\n\t\t\t\t<div class=\"elementor-widget-container\">\n\t\t\t\t\t<h2 class=\"elementor-heading-title elementor-size-default\">Contact<\/h2>\t\t\t\t<\/div>\n\t\t\t\t<\/div>\n\t\t\t\t<div class=\"elementor-element elementor-element-4eabd21 elementor-widget elementor-widget-text-editor\" data-id=\"4eabd21\" data-element_type=\"widget\" data-e-type=\"widget\" data-widget_type=\"text-editor.default\">\n\t\t\t\t<div class=\"elementor-widget-container\">\n\t\t\t\t\t\t\t\t\t<p data-start=\"0\" data-end=\"29\">Tax No.:<br data-start=\"13\" data-end=\"16\" \/>49202 \/ 53546<\/p><p data-start=\"31\" data-end=\"135\">Responsible for the content according to \u00a7 55 para. 2 RStV:<br data-start=\"83\" data-end=\"86\" \/>Bora \u00d6nal<br data-start=\"95\" data-end=\"98\" \/>Raiffeisenstra\u00dfe 9<br data-start=\"116\" data-end=\"119\" \/>75172 Birkenfeld<\/p><p data-start=\"137\" data-end=\"216\">Source information for the images and graphics used:<br data-start=\"192\" data-end=\"195\" \/><a class=\"decorated-link\" href=\"http:\/\/www.fotolia.de\" target=\"_new\" rel=\"noopener\" data-start=\"195\" data-end=\"216\">http:\/\/www.fotolia.de<\/a><\/p><p data-start=\"218\" data-end=\"264\" data-is-last-node=\"\" data-is-only-node=\"\">Source:<br data-start=\"225\" data-end=\"228\" \/>Impressum-Generator von e-recht24.de<\/p>\t\t\t\t\t\t\t\t<\/div>\n\t\t\t\t<\/div>\n\t\t\t\t\t<\/div>\n\t\t\t\t<\/div>\n\t\t\t\t<\/div>","protected":false},"excerpt":{"rendered":"<p>Impressum Angaben gem\u00e4\u00df \u00a7 5 TMG: Bora \u00d6nalRaiffeisenstra\u00dfe 975172 Birkenfeld Kontakt Steuernummer:49202 \/ 53546 Verantwortlich f\u00fcr den Inhalt nach \u00a7 55 Abs. 2 RStV:Bora \u00d6nalRaiffeisenstra\u00dfe 975172 Birkenfeld Quellenangaben f\u00fcr die verwendeten Bilder und Grafiken:http:\/\/www.fotolia.de Quelle:Impressum-Generator von e-recht24.de<\/p>","protected":false},"author":4,"featured_media":0,"parent":0,"menu_order":0,"comment_status":"closed","ping_status":"closed","template":"","meta":{"footnotes":""},"class_list":["post-4174","page","type-page","status-publish","hentry"],"yoast_head":"<!-- This site is optimized with the Yoast SEO plugin v27.3 - https:\/\/yoast.com\/product\/yoast-seo-wordpress\/ -->\n<title>Imprint | Shopify &amp; KI im E-Commerce<\/title>\n<meta name=\"robots\" content=\"noindex, follow\" \/>\n<meta property=\"og:locale\" content=\"en_US\" \/>\n<meta property=\"og:type\" content=\"article\" \/>\n<meta property=\"og:title\" content=\"Imprint | Shopify &amp; KI im E-Commerce\" \/>\n<meta property=\"og:description\" content=\"Impressum Angaben gem\u00e4\u00df \u00a7 5 TMG: Bora \u00d6nalRaiffeisenstra\u00dfe 975172 Birkenfeld Kontakt Steuernummer:49202 \/ 53546 Verantwortlich f\u00fcr den Inhalt nach \u00a7 55 Abs. 2 RStV:Bora \u00d6nalRaiffeisenstra\u00dfe 975172 Birkenfeld Quellenangaben f\u00fcr die verwendeten Bilder und Grafiken:http:\/\/www.fotolia.de Quelle:Impressum-Generator von e-recht24.de\" \/>\n<meta property=\"og:url\" content=\"https:\/\/boraoenal.com\/en\/impressum\/\" \/>\n<meta property=\"og:site_name\" content=\"Shopify &amp; KI im E-Commerce \u2013 Beratung, Entwicklung &amp; Automatisierung\" \/>\n<meta property=\"article:modified_time\" content=\"2026-02-04T01:23:27+00:00\" \/>\n<meta property=\"og:image\" content=\"https:\/\/boraoenal.com\/wp-content\/uploads\/2025\/09\/boraoenal-shopify-und-ki-commerce-scaled.png\" \/>\n\t<meta property=\"og:image:width\" content=\"2560\" \/>\n\t<meta property=\"og:image:height\" content=\"1708\" \/>\n\t<meta property=\"og:image:type\" content=\"image\/png\" \/>\n<script type=\"application\/ld+json\" class=\"yoast-schema-graph\">{\"@context\":\"https:\\\/\\\/schema.org\",\"@graph\":[{\"@type\":\"WebPage\",\"@id\":\"https:\\\/\\\/boraoenal.com\\\/impressum\\\/\",\"url\":\"https:\\\/\\\/boraoenal.com\\\/impressum\\\/\",\"name\":\"Imprint | Shopify & KI im E-Commerce\",\"isPartOf\":{\"@id\":\"https:\\\/\\\/boraoenal.com\\\/#website\"},\"datePublished\":\"2022-05-31T04:32:59+00:00\",\"dateModified\":\"2026-02-04T01:23:27+00:00\",\"breadcrumb\":{\"@id\":\"https:\\\/\\\/boraoenal.com\\\/impressum\\\/#breadcrumb\"},\"inLanguage\":\"en-US\",\"potentialAction\":[{\"@type\":\"ReadAction\",\"target\":[\"https:\\\/\\\/boraoenal.com\\\/impressum\\\/\"]}]},{\"@type\":\"BreadcrumbList\",\"@id\":\"https:\\\/\\\/boraoenal.com\\\/impressum\\\/#breadcrumb\",\"itemListElement\":[{\"@type\":\"ListItem\",\"position\":1,\"name\":\"Startseite\",\"item\":\"https:\\\/\\\/boraoenal.com\\\/\"},{\"@type\":\"ListItem\",\"position\":2,\"name\":\"Imprint\"}]},{\"@type\":\"WebSite\",\"@id\":\"https:\\\/\\\/boraoenal.com\\\/#website\",\"url\":\"https:\\\/\\\/boraoenal.com\\\/\",\"name\":\"Shopify & KI im E-Commerce \u2013 Beratung, Entwicklung & Automatisierungen\",\"description\":\"Shopify-Entwicklung &amp; KI-Automatisierung f\u00fcr mehr Umsatz und weniger Aufwand\",\"publisher\":{\"@id\":\"https:\\\/\\\/boraoenal.com\\\/#organization\"},\"alternateName\":\"Shopify & KI-Commerce | Beratung, Entwicklung & Automatisierung\",\"potentialAction\":[{\"@type\":\"SearchAction\",\"target\":{\"@type\":\"EntryPoint\",\"urlTemplate\":\"https:\\\/\\\/boraoenal.com\\\/?s={search_term_string}\"},\"query-input\":{\"@type\":\"PropertyValueSpecification\",\"valueRequired\":true,\"valueName\":\"search_term_string\"}}],\"inLanguage\":\"en-US\"},{\"@type\":\"Organization\",\"@id\":\"https:\\\/\\\/boraoenal.com\\\/#organization\",\"name\":\"WordPress-, WooCommerce- & Shopify- Developer - boraoenal.com\",\"alternateName\":\"WordPress-, WooCommerce- & Shopify- Developer - boraoenal.com\",\"url\":\"https:\\\/\\\/boraoenal.com\\\/\",\"logo\":{\"@type\":\"ImageObject\",\"inLanguage\":\"en-US\",\"@id\":\"https:\\\/\\\/boraoenal.com\\\/#\\\/schema\\\/logo\\\/image\\\/\",\"url\":\"https:\\\/\\\/boraoenal.com\\\/wp-content\\\/uploads\\\/2022\\\/03\\\/boraoenal-wordpress-shopify-developer-logo.png\",\"contentUrl\":\"https:\\\/\\\/boraoenal.com\\\/wp-content\\\/uploads\\\/2022\\\/03\\\/boraoenal-wordpress-shopify-developer-logo.png\",\"width\":270,\"height\":150,\"caption\":\"WordPress-, WooCommerce- & Shopify- Developer - boraoenal.com\"},\"image\":{\"@id\":\"https:\\\/\\\/boraoenal.com\\\/#\\\/schema\\\/logo\\\/image\\\/\"},\"sameAs\":[\"https:\\\/\\\/www.linkedin.com\\\/in\\\/bora-nal-5a596813\\\/\",\"https:\\\/\\\/www.xing.com\\\/profile\\\/Bora_Oenal\\\/cv\"]}]}<\/script>\n<!-- \/ Yoast SEO plugin. -->","yoast_head_json":{"title":"Imprint | Shopify & KI im E-Commerce","robots":{"index":"noindex","follow":"follow"},"og_locale":"en_US","og_type":"article","og_title":"Imprint | Shopify & KI im E-Commerce","og_description":"Impressum Angaben gem\u00e4\u00df \u00a7 5 TMG: Bora \u00d6nalRaiffeisenstra\u00dfe 975172 Birkenfeld Kontakt Steuernummer:49202 \/ 53546 Verantwortlich f\u00fcr den Inhalt nach \u00a7 55 Abs. 2 RStV:Bora \u00d6nalRaiffeisenstra\u00dfe 975172 Birkenfeld Quellenangaben f\u00fcr die verwendeten Bilder und Grafiken:http:\/\/www.fotolia.de Quelle:Impressum-Generator von e-recht24.de","og_url":"https:\/\/boraoenal.com\/en\/impressum\/","og_site_name":"Shopify &amp; KI im E-Commerce \u2013 Beratung, Entwicklung &amp; Automatisierung","article_modified_time":"2026-02-04T01:23:27+00:00","og_image":[{"width":2560,"height":1708,"url":"https:\/\/boraoenal.com\/wp-content\/uploads\/2025\/09\/boraoenal-shopify-und-ki-commerce-scaled.png","type":"image\/png"}],"schema":{"@context":"https:\/\/schema.org","@graph":[{"@type":"WebPage","@id":"https:\/\/boraoenal.com\/impressum\/","url":"https:\/\/boraoenal.com\/impressum\/","name":"Imprint | Shopify & KI im E-Commerce","isPartOf":{"@id":"https:\/\/boraoenal.com\/#website"},"datePublished":"2022-05-31T04:32:59+00:00","dateModified":"2026-02-04T01:23:27+00:00","breadcrumb":{"@id":"https:\/\/boraoenal.com\/impressum\/#breadcrumb"},"inLanguage":"en-US","potentialAction":[{"@type":"ReadAction","target":["https:\/\/boraoenal.com\/impressum\/"]}]},{"@type":"BreadcrumbList","@id":"https:\/\/boraoenal.com\/impressum\/#breadcrumb","itemListElement":[{"@type":"ListItem","position":1,"name":"Startseite","item":"https:\/\/boraoenal.com\/"},{"@type":"ListItem","position":2,"name":"Imprint"}]},{"@type":"WebSite","@id":"https:\/\/boraoenal.com\/#website","url":"https:\/\/boraoenal.com\/","name":"Shopify & KI im E-Commerce \u2013 Beratung, Entwicklung & Automatisierungen","description":"Shopify-Entwicklung &amp; KI-Automatisierung f\u00fcr mehr Umsatz und weniger Aufwand","publisher":{"@id":"https:\/\/boraoenal.com\/#organization"},"alternateName":"Shopify & KI-Commerce | Beratung, Entwicklung & Automatisierung","potentialAction":[{"@type":"SearchAction","target":{"@type":"EntryPoint","urlTemplate":"https:\/\/boraoenal.com\/?s={search_term_string}"},"query-input":{"@type":"PropertyValueSpecification","valueRequired":true,"valueName":"search_term_string"}}],"inLanguage":"en-US"},{"@type":"Organization","@id":"https:\/\/boraoenal.com\/#organization","name":"WordPress-, WooCommerce- & Shopify- Developer - boraoenal.com","alternateName":"WordPress-, WooCommerce- & Shopify- Developer - boraoenal.com","url":"https:\/\/boraoenal.com\/","logo":{"@type":"ImageObject","inLanguage":"en-US","@id":"https:\/\/boraoenal.com\/#\/schema\/logo\/image\/","url":"https:\/\/boraoenal.com\/wp-content\/uploads\/2022\/03\/boraoenal-wordpress-shopify-developer-logo.png","contentUrl":"https:\/\/boraoenal.com\/wp-content\/uploads\/2022\/03\/boraoenal-wordpress-shopify-developer-logo.png","width":270,"height":150,"caption":"WordPress-, WooCommerce- & Shopify- Developer - boraoenal.com"},"image":{"@id":"https:\/\/boraoenal.com\/#\/schema\/logo\/image\/"},"sameAs":["https:\/\/www.linkedin.com\/in\/bora-nal-5a596813\/","https:\/\/www.xing.com\/profile\/Bora_Oenal\/cv"]}]}},"_links":{"self":[{"href":"https:\/\/boraoenal.com\/en\/wp-json\/wp\/v2\/pages\/4174","targetHints":{"allow":["GET"]}}],"collection":[{"href":"https:\/\/boraoenal.com\/en\/wp-json\/wp\/v2\/pages"}],"about":[{"href":"https:\/\/boraoenal.com\/en\/wp-json\/wp\/v2\/types\/page"}],"author":[{"embeddable":true,"href":"https:\/\/boraoenal.com\/en\/wp-json\/wp\/v2\/users\/4"}],"replies":[{"embeddable":true,"href":"https:\/\/boraoenal.com\/en\/wp-json\/wp\/v2\/comments?post=4174"}],"version-history":[{"count":10,"href":"https:\/\/boraoenal.com\/en\/wp-json\/wp\/v2\/pages\/4174\/revisions"}],"predecessor-version":[{"id":17374,"href":"https:\/\/boraoenal.com\/en\/wp-json\/wp\/v2\/pages\/4174\/revisions\/17374"}],"wp:attachment":[{"href":"https:\/\/boraoenal.com\/en\/wp-json\/wp\/v2\/media?parent=4174"}],"curies":[{"name":"wp","href":"https:\/\/api.w.org\/{rel}","templated":true}]}}